{"id":1545,"date":"2019-07-10T12:39:14","date_gmt":"2019-07-10T12:39:14","guid":{"rendered":"http:\/\/asemwork.freehostia.com\/wordpress\/?post_type=product&#038;p=1545"},"modified":"2022-03-20T19:36:55","modified_gmt":"2022-03-20T19:36:55","slug":"lancome-tester-mid-night-rose","status":"publish","type":"product","link":"https:\/\/alidaaboul.net\/?product=lancome-tester-mid-night-rose","title":{"rendered":"Lancome Tester Mid Night Rose"},"content":{"rendered":"<p>Perfume Spray for Women. Fragrances by Lancome. A sexy-sweet scent of raspberry, rose, vanilla and sensual musk. Perfect spray for a romantic night. Tr\u00e9sor Midnight Rose Eau de Parfum Rose Perfume, Romantic Night, Black &#8230;. Lanc\u00f4me Tr\u00e9sor Midnight Rose: Dark Rose For a Dark Night Perfume  75 ml  edp<\/p>\n","protected":false},"excerpt":{"rendered":"<p>Perfume Spray for Women. Fragrances by Lancome. A sexy-sweet scent of raspberry, rose, vanilla and sensual musk. Perfect spray for a romantic night. Tr\u00e9sor Midnight Rose Eau de Parfum Rose Perfume, Romantic Night, Black &#8230;. Lanc\u00f4me Tr\u00e9sor Midnight Rose: Dark Rose For a Dark Night Perfume 75 ml edp<\/p>\n","protected":false},"featured_media":1549,"comment_status":"open","ping_status":"closed","template":"","meta":[],"product_cat":[29],"product_tag":[22],"class_list":{"0":"post-1545","1":"product","2":"type-product","3":"status-publish","4":"has-post-thumbnail","6":"product_cat-female-perfume","7":"product_tag-perfume","9":"first","10":"instock","11":"sale","12":"shipping-taxable","13":"purchasable","14":"product-type-simple"},"_links":{"self":[{"href":"https:\/\/alidaaboul.net\/index.php?rest_route=\/wp\/v2\/product\/1545","targetHints":{"allow":["GET"]}}],"collection":[{"href":"https:\/\/alidaaboul.net\/index.php?rest_route=\/wp\/v2\/product"}],"about":[{"href":"https:\/\/alidaaboul.net\/index.php?rest_route=\/wp\/v2\/types\/product"}],"replies":[{"embeddable":true,"href":"https:\/\/alidaaboul.net\/index.php?rest_route=%2Fwp%2Fv2%2Fcomments&post=1545"}],"wp:featuredmedia":[{"embeddable":true,"href":"https:\/\/alidaaboul.net\/index.php?rest_route=\/wp\/v2\/media\/1549"}],"wp:attachment":[{"href":"https:\/\/alidaaboul.net\/index.php?rest_route=%2Fwp%2Fv2%2Fmedia&parent=1545"}],"wp:term":[{"taxonomy":"product_cat","embeddable":true,"href":"https:\/\/alidaaboul.net\/index.php?rest_route=%2Fwp%2Fv2%2Fproduct_cat&post=1545"},{"taxonomy":"product_tag","embeddable":true,"href":"https:\/\/alidaaboul.net\/index.php?rest_route=%2Fwp%2Fv2%2Fproduct_tag&post=1545"}],"curies":[{"name":"wp","href":"https:\/\/api.w.org\/{rel}","templated":true}]}}